{"id":744,"date":"2025-05-23T16:34:05","date_gmt":"2025-05-23T14:34:05","guid":{"rendered":"https:\/\/bee2bee.biz\/you-act\/?page_id=744"},"modified":"2025-05-23T16:41:59","modified_gmt":"2025-05-23T14:41:59","slug":"impressum","status":"publish","type":"page","link":"https:\/\/bee2bee.biz\/you-act\/impressum\/","title":{"rendered":"Impressum"},"content":{"rendered":"\n<h1 class=\"wp-block-heading\">Impressum<\/h1>\n\n\n\n<p>YouAct Schauspielschule f\u00fcr Kinder und Jugendliche<br>Kirchenstra\u00dfe 89 a+b<br>81675 M\u00fcnchen<br><br>Tel. 089 &#8211; 999 446 49<br>mail. <a href=\"mailto:info@you-act.de\">info(at)you-act.de<\/a><br><br>Inhaberin: Berit Menze<br>Redaktion: Berit Menze<br><br>Design des YOUACT-Logos: \u00a9 Peter Schulte<br>Webdesign: \u00a9 Peter Schulte<a href=\"http:\/\/www.luftschlosstransformator.de\" target=\"_blank\" rel=\"noreferrer noopener\"><br>www.luftschlosstransformator.de<br><br><\/a><strong>Haftungsausschluss:<\/strong><\/p>\n\n\n\n<p>Inhalte<\/p>\n\n\n\n<p>Der Inhalt dieser Seiten wurde sorgf\u00e4ltig bearbeitet und \u00fcberpr\u00fcft. &#8222;YOUACT&#8220; \u00fcbernimmt jedoch keine Gew\u00e4hr f\u00fcr die Aktualit\u00e4t, Richtigkeit, Vollst\u00e4ndigkeit oder Qualit\u00e4t der bereitgestellten Informationen. Haftungsanspr\u00fcche gegen &#8222;YOUACT&#8220;, die sich auf Sch\u00e4den materieller oder ideeller Art beziehen, welche durch die Nutzung oder Nichtnutzung der dargebotenen Informationen oder durch fehlerhafte und unvollst\u00e4ndige Informationen verursacht wurden, sind grunds\u00e4tzlich ausgeschlossen, sofern seitens &#8222;YOUACT&#8220; kein nachweislich vors\u00e4tzliches oder grob fahrl\u00e4ssiges Verschulden vorliegt. &#8222;YOUACT&#8220; beh\u00e4lt sich ausdr\u00fccklich das Recht vor, Teile der Seite oder das gesamte Angebot ohne vorherige Ank\u00fcndigung zu ver\u00e4ndern, zu erg\u00e4nzen, zu l\u00f6schen oder die Ver\u00f6ffentlichung einzustellen.<\/p>\n\n\n\n<p>Links<\/p>\n\n\n\n<p>Sofern &#8222;YOUACT&#8220; direkt oder indirekt auf fremde Internetseiten verweist (\u201eLinks\u201c), haftet &#8222;YOUACT&#8220; nur, wenn sie von den Inhalten genaue Kenntnis hat und es ihr technisch m\u00f6glich und zumutbar ist, die Nutzung im Falle rechtswidriger Inhalte zu verhindern. &#8222;YOUACT&#8220; erkl\u00e4rt hiermit ausdr\u00fccklich, dass zum Zeitpunkt der Linksetzung die verlinkten Seiten keine illegalen Inhalte enthalten haben. &#8222;YOUACT&#8220; hat keinerlei Einfluss auf die aktuelle und zuk\u00fcnftige Gestaltung der verlinkten Seiten. &#8222;YOUACT&#8220; distanziert sich daher hiermit ausdr\u00fccklich von allen inhaltlichen \u00c4nderungen, die nach der Linkssetzung auf den verlinkten Seiten vorgenommen werden. Dies gilt auch f\u00fcr Fremdeintr\u00e4ge in von &#8222;YOUACT&#8220; eingerichteten G\u00e4steb\u00fcchern, Diskussionsforen und Mailinglisten. &#8222;YOUACT&#8220; ist nicht verantwortlich f\u00fcr den Inhalt, die Verf\u00fcgbarkeit, die Richtigkeit und die Genauigkeit der verlinkten Seiten, deren Angebote, Links oder Werbeanzeigen. &#8222;YOUACT&#8220; haftet nicht f\u00fcr illegale, fehlerhafte oder unvollst\u00e4ndige Inhalte und insbesondere f\u00fcr Sch\u00e4den, die durch Nutzung oder Nichtnutzung der auf den verlinkten Seiten angebotenen Informationen entstehen.<\/p>\n\n\n\n<p>Urheberrecht<\/p>\n\n\n\n<p>&#8222;YOUACT&#8220; ist bestrebt, in allen Publikationen geltende Urheberrechte zu beachten. Sollte es trotzdem zu einer Urheberrechtsverletzung kommen, wird &#8222;YOUACT&#8220; das entsprechende Objekt nach Benachrichtigung aus seiner Publikation entfernen bzw. mit dem entsprechenden Urheberrecht kenntlich machen. Alle innerhalb des Internetangebots genannten und gegebenenfalls durch Dritte gesch\u00fctzten Marken- und Warenzeichen unterliegen uneingeschr\u00e4nkt den Bestimmungen des jeweils g\u00fcltigen Kennzeichenrechts und den Besitzrechten der jeweiligen eingetragenen Eigent\u00fcmer. Allein aufgrund der blo\u00dfen Nennung ist nicht der Schluss zu ziehen, dass Markenzeichen nicht durch Rechte Dritter gesch\u00fctzt sind. Das Urheberecht f\u00fcr die eigenen Inhalte &#8222;YOUACT&#8220; auf der Domain www.you-act.de stehen allein der &#8222;YOUACT&#8220; zu. Eine Vervielf\u00e4ltigung solcher Grafiken, Sounds oder Texte in anderen elektronischen oder gedruckten Publikationen ist ohne ausdr\u00fcckliche Zustimmung durch &#8222;YOUACT&#8220; nicht gestattet.<\/p>\n\n\n\n<p>Rechtswirksamkeit<\/p>\n\n\n\n<p>Dieser Haftungsausschluss ist als Teil des Internetangebotes zu betrachten, von dem aus auf diese Seite verwiesen wurde. Sofern Teile oder einzelne Formulierungen dieses Textes der geltenden Rechtslage nicht, nicht mehr oder nicht vollst\u00e4ndig entsprechen sollten, bleiben die \u00fcbrigen Teile des Dokumentes in ihrem Inhalt und ihrer G\u00fcltigkeit hiervon unber\u00fchrt.<\/p>\n","protected":false},"excerpt":{"rendered":"<p>Impressum YouAct Schauspielschule f\u00fcr Kinder und JugendlicheKirchenstra\u00dfe 89 a+b81675 M\u00fcnchen Tel. 089 &#8211; 999 446 49mail. info(at)you-act.de Inhaberin: Berit MenzeRedaktion: Berit Menze Design des YOUACT-Logos: \u00a9 Peter SchulteWebdesign: \u00a9 Peter Schultewww.luftschlosstransformator.de Haftungsausschluss: Inhalte Der Inhalt dieser Seiten wurde sorgf\u00e4ltig bearbeitet und \u00fcberpr\u00fcft. &#8222;YOUACT&#8220; \u00fcbernimmt jedoch keine Gew\u00e4hr f\u00fcr die Aktualit\u00e4t, Richtigkeit, Vollst\u00e4ndigkeit oder Qualit\u00e4t der &#8230; <a title=\"Impressum\" class=\"read-more\" href=\"https:\/\/bee2bee.biz\/you-act\/impressum\/\" aria-label=\"Mehr Informationen \u00fcber Impressum\">Weiterlesen<\/a><\/p>\n","protected":false},"author":1,"featured_media":0,"parent":0,"menu_order":0,"comment_status":"closed","ping_status":"closed","template":"","meta":{"footnotes":""},"class_list":["post-744","page","type-page","status-publish"],"_links":{"self":[{"href":"https:\/\/bee2bee.biz\/you-act\/wp-json\/wp\/v2\/pages\/744","targetHints":{"allow":["GET"]}}],"collection":[{"href":"https:\/\/bee2bee.biz\/you-act\/wp-json\/wp\/v2\/pages"}],"about":[{"href":"https:\/\/bee2bee.biz\/you-act\/wp-json\/wp\/v2\/types\/page"}],"author":[{"embeddable":true,"href":"https:\/\/bee2bee.biz\/you-act\/wp-json\/wp\/v2\/users\/1"}],"replies":[{"embeddable":true,"href":"https:\/\/bee2bee.biz\/you-act\/wp-json\/wp\/v2\/comments?post=744"}],"version-history":[{"count":3,"href":"https:\/\/bee2bee.biz\/you-act\/wp-json\/wp\/v2\/pages\/744\/revisions"}],"predecessor-version":[{"id":749,"href":"https:\/\/bee2bee.biz\/you-act\/wp-json\/wp\/v2\/pages\/744\/revisions\/749"}],"wp:attachment":[{"href":"https:\/\/bee2bee.biz\/you-act\/wp-json\/wp\/v2\/media?parent=744"}],"curies":[{"name":"wp","href":"https:\/\/api.w.org\/{rel}","templated":true}]}}