{"id":7,"date":"2024-12-13T13:57:19","date_gmt":"2024-12-13T12:57:19","guid":{"rendered":"https:\/\/bee2bee.biz\/you-act\/?page_id=7"},"modified":"2025-06-16T14:18:58","modified_gmt":"2025-06-16T12:18:58","slug":"youact","status":"publish","type":"page","link":"https:\/\/bee2bee.biz\/you-act\/","title":{"rendered":"YouAct"},"content":{"rendered":"\n<div class=\"wp-block-group start-first-section is-layout-grid wp-container-core-group-is-layout-4d858cb8 wp-block-group-is-layout-grid\">\n<p class=\"qr-one-one has-large-font-size wp-container-content-e269605d\"><\/p>\n\n\n\n<p class=\"qr-one-two\"><\/p>\n\n\n\n<p class=\"qr-one-three\"><\/p>\n\n\n\n<p class=\"qr-one-four\"><\/p>\n\n\n\n<div class=\"qr-two-one\"><h1>Schauspiel <br> Kurse<\/h1><h1>\n<\/h1><h2>f\u00fcr Kinder, Jugendliche <br> und Erwachsene<\/h2><\/div>\n\n\n\n<div class=\"qr-two-two\"><\/div>\n\n\n\n<div class=\"qr-two-three\"><\/div>\n<\/div>\n\n\n\n<div class=\"wp-block-group start-second-section is-layout-grid wp-container-core-group-is-layout-4d858cb8 wp-block-group-is-layout-grid\">\n<div class=\"qr-one-one\"><p>Die YouAct bietet an vier Standorten am Ostbahnhof, in Pasing und an der Theresienwiese in M\u00fcnchen und in Die\u00dfen am Ammersee Schauspielkurse an, die von staatlich gepr\u00fcften Schauspieler:innen sowie von Gesangs-, Tanz- und Sprechlehrer:innen geleitet werden.<br\/><br\/>In unserem Schauspielunterricht k\u00f6nnen sich Kinder und Jugendliche spielerisch ausprobieren und dabei Verhaltensm\u00f6glichkeiten, Rollen und Identit\u00e4ten erfahren. Sie k\u00f6nnen die eigene Pers\u00f6nlichkeit entdecken und entwickeln, ihre Potenziale erkennen, \u00c4ngste \u00fcberwinden, Vertrauen in ihre Individualit\u00e4t gewinnen und dadurch ihr Selbstbewusstsein festigen.\n<br\/><br\/>Und auch Erwachsenen bietet sich die M\u00f6glichkeit \u00fcber sich hinauszuwachsen, Stimme, K\u00f6rpersprache und Pr\u00e4senz zu trainieren und sich neu auszuprobieren.<br\/><br\/>Spontanit\u00e4t, Phantasie und Ausdruckskraft werden ebenso gef\u00f6rdert wie die F\u00e4higkeit im Team zusammenzuarbeiten.<\/p><\/div>\n\n\n\n<div class=\"qr-one-two\"><\/div>\n\n\n\n<div class=\"qr-one-three\"><\/div>\n\n\n\n<div class=\"qr-two-one\"><\/div>\n\n\n\n<div class=\"qr-two-two\"><\/div>\n\n\n\n<div class=\"qr-two-three\"><\/div>\n<\/div>\n\n\n\n<div class=\"wp-block-group start-third-section is-layout-grid wp-container-core-group-is-layout-4d858cb8 wp-block-group-is-layout-grid\">\n<div class=\"qr-one-one\"><\/div>\n\n\n\n<div class=\"qr-one-two\"><\/div>\n\n\n\n<div class=\"qr-one-three\"><\/div>\n\n\n\n<div class=\"qr-one-four\"><\/div>\n\n\n\n<div class=\"qr-two-one\"><\/div>\n\n\n\n<div class=\"qr-two-two\"><p>Wir arbeiten mit den gro\u00dfen Casting-Agenturen zusammen, an die wir bei Interesse auch in die Bereiche Film- und Fernsehen vermitteln.<\/p><\/div>\n\n\n\n<div class=\"qr-two-three\"><\/div>\n\n\n\n<div class=\"qr-two-four\"><\/div>\n<\/div>\n\n\n\n<div class=\"wp-block-group start-fourth-section is-layout-grid wp-container-core-group-is-layout-4d858cb8 wp-block-group-is-layout-grid\">\n<div class=\"qr-one-one\"><p>Unsere Ausbildung beinhaltet Rollenstudium, Improvisation, Verhalten vor der Kamera, Textarbeit, Atem- und Sprech\u00fcbungen, Bewegung und K\u00f6rperbeherrschung, Tanz- und Gesangsunterricht. Es kann zwischen verschiedenen Kursen gew\u00e4hlt werden, je nachdem wo man seinen Schwerpunkt setzen m\u00f6chte.<\/p><\/div>\n\n\n\n<div class=\"qr-one-three\"><\/div>\n\n\n\n<div class=\"qr-two-one\"><\/div>\n\n\n\n<div class=\"qr-two-two\"><\/div>\n\n\n\n<div class=\"qr-two-three\"><p>\nUnsere Dozenten:innen verf\u00fcgen \u00fcber gro\u00dfe Erfahrung im Unterrichten von jungen Menschen und f\u00f6rdern alle Sch\u00fcler:innen individuell und altersgerecht.<\/p><\/div>\n<\/div>\n\n\n\n<div class=\"wp-block-group start-fifth-section is-layout-grid wp-container-core-group-is-layout-4d858cb8 wp-block-group-is-layout-grid\">\n<div class=\"qr-one-one\"><\/div>\n\n\n\n<div class=\"qr-one-two\"><\/div>\n\n\n\n<div class=\"qr-one-three\"><\/div>\n\n\n\n<div class=\"qr-one-four\"><\/div>\n\n\n\n<div class=\"qr-two-one\"><\/div>\n\n\n\n<div class=\"qr-two-two\"><\/div>\n\n\n\n<div class=\"qr-two-three\"><\/div>\n\n\n\n<div class=\"qr-two-four\"><div class=\"anmeldung\">\n<h2>SCHNUPPER <br\/>BEI UNS!<\/h2>\n<p>Um einen Eindruck von unserer Arbeit zu bekommen, k\u00f6nnen alle Interessenten eine kostenlose Schnupperstunde besuchen.\n<a href=\"https:\/\/bee2bee.biz\/you-act\/anmeldung\/?kon-betreff=Schnupperstunde#wpcf7-f369-p108-o1\"><button class=\"anmelden\">Anmelden<\/button> <span id=\"pfeil\">&#8594;<\/span><\/a><\/div><\/div>\n<\/div>\n\n\n\n<div class=\"wp-block-group start-sixt-section is-layout-grid wp-container-core-group-is-layout-4d858cb8 wp-block-group-is-layout-grid\">\n<div class=\"qr-one-one\"><p>Jedes Jahr gibt es eine Auff\u00fchrung bei der sich alle Kurse und Sch\u00fcler:innen vor Publikum zeigen und ausprobieren k\u00f6nnen.<\/div>\n\n\n\n<div class=\"qr-one-three\"><\/div>\n\n\n\n<div class=\"qr-one-four\"><\/div>\n\n\n\n<div class=\"qr-two-one\"><\/div>\n\n\n\n<div class=\"qr-two-two\"><\/div>\n\n\n\n<div class=\"qr-two-three\"><\/div>\n\n\n\n<div class=\"qr-two-four\"><\/div>\n<\/div>\n\n\n\n<br\/><br\/><br\/><center><iframe loading=\"lazy\" width=\"710\" height=\"399\" src=\"https:\/\/www.youtube-nocookie.com\/embed\/c90iiZQx2G8\" title=\"YouAct Interview\" frameborder=\"0\" allow=\"accelerometer; autoplay; clipboard-write; encrypted-media; gyroscope; picture-in-picture; web-share\" referrerpolicy=\"strict-origin-when-cross-origin\" allowfullscreen style=\"border-radius: 25px; border-width: 25px; border-color: #e3e3e3; background-color: #e3e3e3;\"><\/iframe><\/center><br\/><br\/><br\/>\n\n\n\n<div class=\"wp-block-group start-seventh-section is-layout-grid wp-container-core-group-is-layout-4d858cb8 wp-block-group-is-layout-grid\">\n<div class=\"qr-one-one\"><\/div>\n\n\n\n<div class=\"qr-one-two\"><\/div>\n\n\n\n<div class=\"qr-one-three\"><\/div>\n\n\n\n<div class=\"qr-one-four\"><div class=\"anmeldung\">\n<h2>PREISE<\/h2>\n<p>&nbsp;<br\/><br\/><br\/>\n<a href=\"https:\/\/bee2bee.biz\/you-act\/kurse\/#prs\"><button class=\"anmelden\">hier lang <\/button> <span id=\"pfeil\">&#8594;<\/span><\/a><\/p><\/div><\/div>\n\n\n\n<div class=\"qr-two-one\"><div class=\"anmeldung\">\n<h2>STUNDENPLAN<\/h2>\n<p>&nbsp;<br\/><br\/><br\/>\n<a href=\"https:\/\/bee2bee.biz\/you-act\/kurse\/#stdpl\"><button class=\"anmelden\">hier lang<\/button> <span id=\"pfeil\">&#8594;<\/span><\/a><\/p><\/div><\/div>\n\n\n\n<div class=\"qr-two-two\"><\/div>\n\n\n\n<div class=\"qr-two-three\"><\/div>\n\n\n\n<div class=\"qr-two-four\"><\/div>\n<\/div>\n\n\n\n<div class=\"wp-block-group start-eigth-section is-layout-grid wp-container-core-group-is-layout-4d858cb8 wp-block-group-is-layout-grid\">\n<div class=\"qr-one-one\"><\/div>\n\n\n\n<div class=\"qr-one-two\"><\/div>\n\n\n\n<div class=\"qr-one-three\"><div class=\"anmeldung\">\n<h2>FERIEN<br\/>KURSE<\/h2>\n<p>&nbsp;<br\/><br\/><br\/>\n<a href=\"https:\/\/bee2bee.biz\/you-act\/kurse\/#frkrs\"><button class=\"anmelden\">hier lang<\/button> <span id=\"pfeil\">&#8594;<\/span><\/a><\/p><\/div><\/div>\n\n\n\n<div class=\"qr-one-four\"><\/div>\n\n\n\n<div class=\"qr-two-one\"><\/div>\n\n\n\n<div class=\"qr-two-two\"><\/div>\n\n\n\n<div class=\"qr-two-three\"><\/div>\n\n\n\n<div class=\"qr-two-four\"><\/div>\n<\/div>\n\n\n\n<p><\/p>\n","protected":false},"excerpt":{"rendered":"<p>Schauspiel Kurse f\u00fcr Kinder, Jugendliche und Erwachsene Die YouAct bietet an vier Standorten am Ostbahnhof, in Pasing und an der Theresienwiese in M\u00fcnchen und in Die\u00dfen am Ammersee Schauspielkurse an, die von staatlich gepr\u00fcften Schauspieler:innen sowie von Gesangs-, Tanz- und Sprechlehrer:innen geleitet werden. In unserem Schauspielunterricht k\u00f6nnen sich Kinder und Jugendliche spielerisch ausprobieren und dabei &#8230; <a title=\"YouAct\" class=\"read-more\" href=\"https:\/\/bee2bee.biz\/you-act\/\" aria-label=\"Mehr Informationen \u00fcber YouAct\">Weiterlesen<\/a><\/p>\n","protected":false},"author":1,"featured_media":0,"parent":0,"menu_order":0,"comment_status":"closed","ping_status":"closed","template":"","meta":{"footnotes":""},"class_list":["post-7","page","type-page","status-publish"],"_links":{"self":[{"href":"https:\/\/bee2bee.biz\/you-act\/wp-json\/wp\/v2\/pages\/7","targetHints":{"allow":["GET"]}}],"collection":[{"href":"https:\/\/bee2bee.biz\/you-act\/wp-json\/wp\/v2\/pages"}],"about":[{"href":"https:\/\/bee2bee.biz\/you-act\/wp-json\/wp\/v2\/types\/page"}],"author":[{"embeddable":true,"href":"https:\/\/bee2bee.biz\/you-act\/wp-json\/wp\/v2\/users\/1"}],"replies":[{"embeddable":true,"href":"https:\/\/bee2bee.biz\/you-act\/wp-json\/wp\/v2\/comments?post=7"}],"version-history":[{"count":95,"href":"https:\/\/bee2bee.biz\/you-act\/wp-json\/wp\/v2\/pages\/7\/revisions"}],"predecessor-version":[{"id":782,"href":"https:\/\/bee2bee.biz\/you-act\/wp-json\/wp\/v2\/pages\/7\/revisions\/782"}],"wp:attachment":[{"href":"https:\/\/bee2bee.biz\/you-act\/wp-json\/wp\/v2\/media?parent=7"}],"curies":[{"name":"wp","href":"https:\/\/api.w.org\/{rel}","templated":true}]}}