{"id":343,"date":"2025-01-30T10:07:20","date_gmt":"2025-01-30T09:07:20","guid":{"rendered":"https:\/\/bee2bee.biz\/you-act\/?page_id=343"},"modified":"2025-06-25T13:39:29","modified_gmt":"2025-06-25T11:39:29","slug":"schnupperstunde","status":"publish","type":"page","link":"https:\/\/bee2bee.biz\/you-act\/schnupperstunde\/","title":{"rendered":"Schnupperstunde"},"content":{"rendered":"\n<div class=\"wp-block-group schnupper-first-section is-layout-grid wp-container-core-group-is-layout-4d858cb8 wp-block-group-is-layout-grid\">\n<div class=\"qr-one\"><h1>KOSTENLOSE SCHNUPPERSTUNDE<\/h1>\n<p>Wer einfach mal ausprobieren m\u00f6chte, wie der Unterricht an der YouAct abl\u00e4uft, welche Dozenten und Dozentinnen hier unterrichten und wie die B\u00fchnenluft so schmeckt kann das bei uns jederzeit tun!<br\/> Die Schnupperstunde ist nat\u00fcrlich kostenlos! Ihr k\u00f6nnt jederzeit unverbindlich in einem unserer laufenden Kurse schnuppern. Schaut am besten in unserem Stundenplan nach, welcher Kurs f\u00fcr euch zeitlich passen w\u00fcrde. Schreibt uns eine Mail oder f\u00fcllt das Kontaktformular aus. Wir schlagen euch auch gerne einen passenden Kurs vor.<\/p><\/div>\n\n\n\n<div class=\"qr-two\">\n<div class=\"anmeldung\">\n<h2>SCHNUPPER <br\/>BEI UNS!<\/h2>\n<p>Komm in eine kostenlose Schnupperstunde und spiel mit!<br\/>\nWir freuen uns auf dich!<br><br>\n<a href=\"https:\/\/bee2bee.biz\/you-act\/anmeldung\/?kon-betreff=Schnupperstunde#wpcf7-f369-p108-o1\"><button class=\"anmelden\">Anmelden<\/button><\/a>\n<\/div>\n<\/div>\n\n\n\n<div class=\"qr-three\"><\/div>\n\n\n\n<div class=\"qr-four\">\n<\/div>\n<\/div>\n\n\n\n<h2 class=\"wp-block-heading schnupperunter\">Unsere n\u00e4chsten Schnupperstunden:<\/h2>\n\n\n\n<figure class=\"wp-block-table schnuppertab\"><table class=\"has-fixed-layout\"><tbody><tr><td><a href=\"https:\/\/bee2bee.biz\/you-act\/standorte\/#ostbhf\"><strong>Ostbahnhof (Haidhausen):<\/strong><\/a><br><br>KURS f\u00fcr 12-14 J\u00e4hrige<br>MONTAG, 30.Juni von 15:30-17 UHR<br>Dozentin: <a href=\"https:\/\/bee2bee.biz\/you-act\/ueber-uns\/?startid=705#doz\" data-type=\"link\" data-id=\"https:\/\/bee2bee.biz\/you-act\/ueber-uns\/?startid=705#doz\">Anouschka Doinet<\/a><br><br><a href=\"https:\/\/bee2bee.biz\/you-act\/anmeldung\/?kon-betreff=Schnupperstunde+30%2E+Juni#wpcf7-f369-p108-o1\"><br><button>Anmelden<\/button><\/a><br><\/td><td><a href=\"https:\/\/bee2bee.biz\/you-act\/standorte\/#ostbhf\"><strong>Ostbahnhof (Haidhausen):<\/strong><\/a><br><br>KURS f\u00fcr 11-13 J\u00e4hrige<br>DIENSTAG, 01.Juli von 17-18:30 UHR<br>Dozent: <a href=\"https:\/\/bee2bee.biz\/you-act\/ueber-uns\/?startid=307#doz\">Markus Kayl<\/a><br><br><a href=\"https:\/\/bee2bee.biz\/you-act\/anmeldung\/?kon-betreff=Schnupperstunde+01%2E+Juli#wpcf7-f369-p108-o1\"><br><button>Anmelden<\/button><\/a><\/td><td><a href=\"https:\/\/bee2bee.biz\/you-act\/standorte\/#ostbhf\"><strong>Ostbahnhof (Haidhausen):<\/strong><\/a><br><br>KURS f\u00fcr 10-12 J\u00e4hrige<br>MITTWOCH, 02.Juli von 16-17 UHR<br>Dozentin: <a href=\"https:\/\/bee2bee.biz\/you-act\/ueber-uns\/?startid=709#doz\" data-type=\"link\" data-id=\"https:\/\/bee2bee.biz\/you-act\/ueber-uns\/?startid=709#doz\">Elli Stark<\/a><br><a href=\"https:\/\/bee2bee.biz\/you-act\/anmeldung\/?kon-betreff=Schnupperstunde+02%2E+Juli#wpcf7-f369-p108-o1\"><br><button>Anmelden<\/button><\/a><\/td><\/tr><\/tbody><\/table><\/figure>\n\n\n\n<figure class=\"wp-block-table schnuppertab\"><table class=\"has-fixed-layout\"><tbody><tr><td><strong><a href=\"https:\/\/bee2bee.biz\/you-act\/standorte\/#diessen\">Die\u00dfen am Ammersee:<\/a><\/strong><br><br>KURS 13 &#8211; 17 Jahre<br>MITTWOCH, 02.Juli von 17:30 &#8211; 19 UHR<br>Dozentin: <a href=\"https:\/\/bee2bee.biz\/you-act\/ueber-uns\/?startid=705#doz\" data-type=\"link\" data-id=\"https:\/\/bee2bee.biz\/you-act\/ueber-uns\/?startid=705#doz\">Anouschka Doinet<\/a><br><br><a href=\"https:\/\/bee2bee.biz\/you-act\/anmeldung\/?kon-betreff=Schnupperstunde+Erwachsene+02%2E+Juli#wpcf7-f369-p108-o1\"><br><button>Anmelden<\/button><\/a><br><\/td><td><a href=\"https:\/\/bee2bee.biz\/you-act\/standorte\/#ostbhf\"><strong>Ostbahnhof (Haidhausen):<\/strong><\/a><br><br>KURS f\u00fcr Erwachsene<br>MITTWOCH, 02.Juli von 19:15-20:45 UHR<br>Dozent: <a href=\"https:\/\/bee2bee.biz\/you-act\/ueber-uns\/?startid=307#doz\"><a href=\"https:\/\/bee2bee.biz\/you-act\/ueber-uns\/?startid=709#doz\" data-type=\"link\" data-id=\"https:\/\/bee2bee.biz\/you-act\/ueber-uns\/?startid=709#doz\">Elli Stark<\/a><\/a><br><br><a href=\"https:\/\/bee2bee.biz\/you-act\/anmeldung\/?kon-betreff=Schnupperstunde+Erwachsene+02%2E+Juli#wpcf7-f369-p108-o1\"><br><button>Anmelden<\/button><\/a><\/td><td><a href=\"https:\/\/bee2bee.biz\/you-act\/standorte\/#ostbhf\"><strong>Ostbahnhof (Haidhausen):<\/strong><\/a><br><br>KURS f\u00fcr Erwachsene<br>FREITAG, 04.Juli von 9-10:30 UHR<br>Dozentin: <a href=\"https:\/\/bee2bee.biz\/you-act\/ueber-uns\/?startid=771#doz\" data-type=\"link\" data-id=\"https:\/\/bee2bee.biz\/you-act\/ueber-uns\/?startid=709#doz\">Florentina Tautu<\/a> <br><a href=\"https:\/\/bee2bee.biz\/you-act\/anmeldung\/?kon-betreff=Schnupperstunde+Erwachsene+04%2E+Juli#wpcf7-f369-p108-o1\"><br><button>Anmelden<\/button><\/a><\/td><\/tr><\/tbody><\/table><\/figure>\n\n\n\n<div class=\"wp-block-group start-seventh-section is-layout-grid wp-container-core-group-is-layout-4d858cb8 wp-block-group-is-layout-grid\">\n<div class=\"qr-one-one\"><\/div>\n\n\n\n<div class=\"qr-one-two\"><\/div>\n\n\n\n<div class=\"qr-one-three\"><\/div>\n\n\n\n<div class=\"qr-one-four\"><div class=\"anmeldung\">\n<h2>PREISE<\/h2>\n<p>&nbsp;<br\/><br\/><br\/>\n<a href=\"https:\/\/bee2bee.biz\/you-act\/kurse\/#prs\"><button class=\"anmelden\">hier lang <\/button> <span id=\"pfeil\">&#8594;<\/span><\/a><\/p><\/div><\/div>\n\n\n\n<div class=\"qr-two-one\"><div class=\"anmeldung\">\n<h2>STUNDENPLAN<\/h2>\n<p>&nbsp;<br\/><br\/><br\/>\n<a href=\"https:\/\/bee2bee.biz\/you-act\/kurse\/#stdpl\"><button class=\"anmelden\">hier lang<\/button> <span id=\"pfeil\">&#8594;<\/span><\/a><\/p><\/div><\/div>\n\n\n\n<div class=\"qr-two-two\"><\/div>\n\n\n\n<div class=\"qr-two-three\"><\/div>\n\n\n\n<div class=\"qr-two-four\"><\/div>\n<\/div>\n","protected":false},"excerpt":{"rendered":"<p>KOSTENLOSE SCHNUPPERSTUNDE Wer einfach mal ausprobieren m\u00f6chte, wie der Unterricht an der YouAct abl\u00e4uft, welche Dozenten und Dozentinnen hier unterrichten und wie die B\u00fchnenluft so schmeckt kann das bei uns jederzeit tun! Die Schnupperstunde ist nat\u00fcrlich kostenlos! Ihr k\u00f6nnt jederzeit unverbindlich in einem unserer laufenden Kurse schnuppern. Schaut am besten in unserem Stundenplan nach, welcher &#8230; <a title=\"Schnupperstunde\" class=\"read-more\" href=\"https:\/\/bee2bee.biz\/you-act\/schnupperstunde\/\" aria-label=\"Mehr Informationen \u00fcber Schnupperstunde\">Weiterlesen<\/a><\/p>\n","protected":false},"author":1,"featured_media":0,"parent":0,"menu_order":0,"comment_status":"closed","ping_status":"closed","template":"","meta":{"footnotes":""},"class_list":["post-343","page","type-page","status-publish"],"_links":{"self":[{"href":"https:\/\/bee2bee.biz\/you-act\/wp-json\/wp\/v2\/pages\/343","targetHints":{"allow":["GET"]}}],"collection":[{"href":"https:\/\/bee2bee.biz\/you-act\/wp-json\/wp\/v2\/pages"}],"about":[{"href":"https:\/\/bee2bee.biz\/you-act\/wp-json\/wp\/v2\/types\/page"}],"author":[{"embeddable":true,"href":"https:\/\/bee2bee.biz\/you-act\/wp-json\/wp\/v2\/users\/1"}],"replies":[{"embeddable":true,"href":"https:\/\/bee2bee.biz\/you-act\/wp-json\/wp\/v2\/comments?post=343"}],"version-history":[{"count":55,"href":"https:\/\/bee2bee.biz\/you-act\/wp-json\/wp\/v2\/pages\/343\/revisions"}],"predecessor-version":[{"id":857,"href":"https:\/\/bee2bee.biz\/you-act\/wp-json\/wp\/v2\/pages\/343\/revisions\/857"}],"wp:attachment":[{"href":"https:\/\/bee2bee.biz\/you-act\/wp-json\/wp\/v2\/media?parent=343"}],"curies":[{"name":"wp","href":"https:\/\/api.w.org\/{rel}","templated":true}]}}