{"id":3,"date":"2024-12-11T13:59:06","date_gmt":"2024-12-11T12:59:06","guid":{"rendered":"https:\/\/bee2bee.biz\/you-act\/?page_id=3"},"modified":"2025-05-23T16:35:36","modified_gmt":"2025-05-23T14:35:36","slug":"datenschutzerklaerung","status":"publish","type":"page","link":"https:\/\/bee2bee.biz\/you-act\/datenschutzerklaerung\/","title":{"rendered":"Datenschutz"},"content":{"rendered":"\n<h1 class=\"wp-block-heading\">Datenschutzerkl\u00e4rung<\/h1>\n\n\n\n<h2 class=\"wp-block-heading\">Verantwortlicher Datenverarbeitung<\/h2>\n\n\n\n<p>Diese Datenschutz-Information gilt f\u00fcr die Datenverarbeitung durch:<\/p>\n\n\n\n<p>Verantwortlicher: YouAct Schauspielschule f\u00fcr Kinder und Jugendliche,<\/p>\n\n\n\n<p>Inhaberin: Berit Menze,<\/p>\n\n\n\n<p>Kirchenstra\u00dfe 89 a+b,<\/p>\n\n\n\n<p>81675 M\u00fcnchen,<\/p>\n\n\n\n<p><a href=\"mailto:info@you-act.de\">info@you-act.de<\/a>,<\/p>\n\n\n\n<p>Tel: 089 \u2013 999 446 49<\/p>\n\n\n\n<h2 class=\"wp-block-heading\">Allgemeines zum Datenschutz<\/h2>\n\n\n\n<p>Die Erhebung, Verarbeitung und Nutzung personenbezogener Daten ist f\u00fcr eine korrekte Bearbeitung von Kundenanfragen unentbehrlich.<\/p>\n\n\n\n<p>Personenbezogene Daten sind alle Daten, die auf Sie pers\u00f6nlich beziehbar sind, z. B. Name, Adresse, E-Mail-Adressen, Nutzerverhalten.<\/p>\n\n\n\n<p>Die Nutzung unserer Webseite ist in der Regel ohne Angaben personenbezogener Daten m\u00f6glich. Soweit personenbezogene Daten erhoben werden, erfolgt dies auf freiwilliger Basis und ausschlie\u00dflich zu dem Zweck.<\/p>\n\n\n\n<p>Sofern ein Vertragsverh\u00e4ltnis begr\u00fcndet, inhaltlich ausgestaltet oder ge\u00e4ndert werden soll oder Anfragen bearbeitet werden, werden personenbezogene Daten erhoben und verwendet, soweit dies zu diesen Zwecken erforderlich (Bestandsdaten).<\/p>\n\n\n\n<p>Die Erhebung, Verarbeitung und Nutzung personenbezogener Daten beschr\u00e4nkt sich auf das erforderliche Ma\u00df, um die Inanspruchnahme des Webangebots zu erm\u00f6glichen (Nutzungsdaten). S\u00e4mtliche personenbezogenen Daten werden nur solange gespeichert, wie dies f\u00fcr den genannten Zweck (z.B. Bearbeitung von Anfragen oder Abwicklung von Vertr\u00e4gen) erforderlich ist.<\/p>\n\n\n\n<h2 class=\"wp-block-heading\">Kontaktformular<\/h2>\n\n\n\n<p>Die \u00dcbermittlung personenbezogener Daten geschieht z.B. bei Ihrer Kontaktaufnahme mit uns per E-Mail oder \u00fcber ein Kontaktformular. Hier werden die von Ihnen mitgeteilten Daten (Ihre E-Mail-Adresse, ggf. Ihr Name und Ihre Telefonnummer) &nbsp;zwecks Bearbeitung Ihrer Anfrage und f\u00fcr den Fall von Anschlussfragen bei uns gespeichert. Diese Daten geben wir nicht ohne Ihre Einwilligung weiter.<\/p>\n\n\n\n<p>Die in diesem Zusammenhang anfallenden Daten werden gel\u00f6scht, nachdem die Speicherung nicht mehr erforderlich ist bzw. die Verarbeitung wird eingeschr\u00e4nkt falls gesetzliche Aufbewahrungspflichten bestehen.<\/p>\n\n\n\n<h2 class=\"wp-block-heading\">Verwendung von Cookies<\/h2>\n\n\n\n<p>Die Website verwendet teilweise so genannte Cookies. Cookies richten auf Ihrem Rechner keinen Schaden an und enthalten keine Viren. Cookies dienen dazu, unser Angebot nutzerfreundlicher, effektiver und sicherer zu machen. Cookies sind kleine Textdateien, die auf Ihrem Rechner abgelegt werden und die Ihr Browser speichert.<\/p>\n\n\n\n<p>Nachfolgend einige Informationen zu den eingesetzten Cookies auf unserer Website:<\/p>\n\n\n\n<p>Transiente Cookies (tempor\u00e4rer Einsatz)<\/p>\n\n\n\n<p>Transiente Cookies werden automatisiert gel\u00f6scht, wenn Sie den Browser schlie\u00dfen. Dazu z\u00e4hlen insbesondere die Session-Cookies. Diese speichern eine sogenannte Session-ID, mit welcher sich verschiedene Anfragen Ihres Browsers der gemeinsamen Sitzung zuordnen lassen. Dadurch kann Ihr Rechner wiedererkannt werden, wenn Sie auf unsere Website zur\u00fcckkehren.<\/p>\n\n\n\n<p>Persistente Cookies (zeitlich beschr\u00e4nkter Einsatz)<\/p>\n\n\n\n<p>Persistente Cookies werden automatisiert nach einer vorgegebenen Dauer gel\u00f6scht, die sich je nach Cookie unterscheiden kann.<\/p>\n\n\n\n<p>Die meisten der von uns verwendeten Cookies sind so genannte \u201eSession-Cookies\u201c. Sie werden nach Ende Ihres Besuchs automatisch gel\u00f6scht. Andere Cookies bleiben auf Ihrem Endger\u00e4t gespeichert, bis Sie diese l\u00f6schen. Diese Cookies erm\u00f6glichen es uns, Ihren Browser beim n\u00e4chsten Besuch wiederzuerkennen.<\/p>\n\n\n\n<p>Sie k\u00f6nnen Ihren Browser so einstellen, dass Sie \u00fcber das Setzen von Cookies informiert werden und Cookies nur im Einzelfall erlauben, die Annahme von Cookies f\u00fcr bestimmte F\u00e4lle oder generell ausschlie\u00dfen sowie das automatische L\u00f6schen der Cookies beim Schlie\u00dfen des Browser aktivieren. Bei der Deaktivierung von Cookies kann die Funktionalit\u00e4t dieser Website eingeschr\u00e4nkt sein.<\/p>\n\n\n\n<h2 class=\"wp-block-heading\">Server-Log-Files<\/h2>\n\n\n\n<p>Beim Aufrufen der Webseite, wenn Sie kein Kontaktformular ausf\u00fcllen oder sonstige Angaben machen, werden nur solche personenbezogenen Daten gespeichert, die Ihr Browser an unseren Server \u00fcbermittelt.<\/p>\n\n\n\n<p>Es werden in diesem Fall nur die Daten erhoben, die f\u00fcr uns technisch erforderlich sind, um Ihnen unsere Website anzuzeigen und die Stabilit\u00e4t und Sicherheit zu gew\u00e4hrleisten:<\/p>\n\n\n\n<ul class=\"wp-block-list\">\n<li>IP-Adresse<\/li>\n\n\n\n<li>Datum und Uhrzeit der Anfrage<\/li>\n\n\n\n<li>Zeitzonendifferenz zur Greenwich Mean Time (GMT)<\/li>\n\n\n\n<li>Inhalt der Anforderung (konkrete Seite)<\/li>\n\n\n\n<li>Zugriffsstatus\/HTTP-Statuscode<\/li>\n\n\n\n<li>jeweils \u00fcbertragene Datenmenge<\/li>\n\n\n\n<li>Website, von der die Anforderung kommt<\/li>\n\n\n\n<li>Browser<\/li>\n\n\n\n<li>Betriebssystem und dessen Oberfl\u00e4che<\/li>\n\n\n\n<li>Sprache und Version der Browsersoftware.<\/li>\n<\/ul>\n\n\n\n<p>Diese Daten sind nicht bestimmten Personen zuordenbar. Eine Zusammenf\u00fchrung dieser Daten mitanderen Datenquellen wird nicht vorgenommen. Wir behalten uns vor, diese Daten nachtr\u00e4glich zu pr\u00fcfen, wenn uns konkrete Anhaltspunkte f\u00fcr eine rechtswidrige Nutzung bekannt werden.<\/p>\n\n\n\n<h2 class=\"wp-block-heading\">SSL-Verschl\u00fcsselung<\/h2>\n\n\n\n<p>Diese Seite nutzt aus Gr\u00fcnden der Sicherheit und zum Schutz der \u00dcbertragung vertraulicher Inhalte, wie zum Beispiel der Anfragen, die Sie an uns als Seitenbetreiber senden, eine SSL-Verschl\u00fcsselung. Eine verschl\u00fcsselte Verbindung erkennen Sie daran, dass die Adresszeile des Browsers von &#8222;http:\/\/&#8220; auf &#8222;https:\/\/&#8220; wechselt und an dem Schloss-Symbol in Ihrer Browserzeile.<\/p>\n\n\n\n<p>Wenn die SSL Verschl\u00fcsselung aktiviert ist, k\u00f6nnen die Daten, die Sie an uns \u00fcbermitteln, nicht von Dritten mitgelesen werden.<\/p>\n\n\n\n<h2 class=\"wp-block-heading\">Newsletter<\/h2>\n\n\n\n<p>Sie haben die M\u00f6glichkeit, \u00fcber unsere Website unseren Newsletter zu abonnieren. Hierf\u00fcr ben\u00f6tigen wir Ihre E-Mail-Adresse und ihre Erkl\u00e4rung, dass Sie mit dem Bezug des Newsletters einverstanden sind.<\/p>\n\n\n\n<p>Sobald Sie sich f\u00fcr den Newsletter angemeldet haben, senden wir Ihnen ein Best\u00e4tigungs-E-Mail mit einem Link zur Best\u00e4tigung der Anmeldung.<\/p>\n\n\n\n<p>Das Abo des Newsletters k\u00f6nnen Sie jederzeit stornieren. Senden Sie Ihre Stornierung bitte an folgende E-Mail-Adresse: <em>info@you-act.de<\/em> oder benutzen sie den Link im Newsletter. Wir l\u00f6schen anschlie\u00dfend umgehend Ihre Daten im Zusammenhang mit dem Newsletter-Versand.<\/p>\n\n\n\n<h2 class=\"wp-block-heading\">Google Adwords Conversion-Tracking<\/h2>\n\n\n\n<p>Wir nutzen das Online-Werbeprogramm \u201eGoogle AdWords\u201c und im Rahmen von Google AdWords das Conversion-Tracking. Das Google Conversion Tracking ist ein Analysedienst der Google Inc. (1600 Amphitheatre Parkway, Mountain View, CA 94043, USA; \u201eGoogle\u201c).<\/p>\n\n\n\n<p>Wenn Sie auf eine von Google geschaltete Anzeige klicken, wird ein Cookie f\u00fcr das Conversion-Tracking auf Ihrem Rechner abgelegt. Diese Cookies verlieren nach 30 Tagen ihre G\u00fcltigkeit, enthalten keine personenbezogenen Daten und dienen somit nicht der pers\u00f6nlichen Identifizierung.<\/p>\n\n\n\n<p>Wenn Sie bestimmte Internetseiten unserer Website besuchen und das Cookie noch nicht abgelaufen ist, k\u00f6nnen Google und wir erkennen, dass Sie auf die Anzeige geklickt haben und zu dieser Seite weitergeleitet wurden. Jeder Google AdWords-Kunde erh\u00e4lt ein anderes Cookie. Somit besteht keine M\u00f6glichkeit, dass Cookies \u00fcber die Websites von AdWords-Kunden nachverfolgt werden k\u00f6nnen.<\/p>\n\n\n\n<p>Die Informationen, die mithilfe des Conversion-Cookie eingeholten werden, dienen dazu, Conversion-Statistiken f\u00fcr AdWords-Kunden zu erstellen, die sich f\u00fcr Conversion-Tracking entschieden haben. Hierbei erfahren die Kunden die Gesamtanzahl der Nutzer, die auf ihre Anzeige geklickt haben und zu einer mit einem Conversion-Tracking-Tag versehenen Seite weitergeleitet wurden. Sie erhalten jedoch keine Informationen, mit denen sich Nutzer pers\u00f6nlich identifizieren lassen.<\/p>\n\n\n\n<p>Wenn Sie nicht am Tracking teilnehmen m\u00f6chten, k\u00f6nnen Sie dieser Nutzung widersprechen, indem Sie die Installation der Cookies durch eine entsprechende Einstellung Ihrer Browser Software verhindern (Deaktivierungsm\u00f6glichkeit). Sie werden sodann nicht in die Conversion-Tracking Statistiken aufgenommen. Weiterf\u00fchrende Informationen sowie die Datenschutzerkl\u00e4rung von Google finden Sie unter:<\/p>\n\n\n\n<p><a href=\"http:\/\/www.google.com\/policies\/technologies\/ads\/\">Datenschutzbestimmungen Googe Werbung<\/a><\/p>\n\n\n\n<p><a href=\"http:\/\/www.google.de\/policies\/privacy\/\">Datenschutzerkl\u00e4rung Google<\/a><\/p>\n\n\n\n<h2 class=\"wp-block-heading\">Google Maps<\/h2>\n\n\n\n<p>Auf dieser Webseite nutzen wir das Angebot von Google Maps um Ihnen interaktive Karten direkt in der Website anzeigen.<\/p>\n\n\n\n<p>Durch den Besuch auf der Website erh\u00e4lt Google die Information, dass Sie die entsprechende Unterseite unserer Website aufgerufen haben. Zudem werden weitere Daten \u00fcbermittelt. Dies erfolgt unabh\u00e4ngig davon, ob Sie ein Google-Nutzerkonto haben und eingeloggt sind oder ob kein Nutzerkonto besteht. Besteht ein Konto und Sie sind eingeloggt, werden Ihre Daten direkt Ihrem Konto zugeordnet.<\/p>\n\n\n\n<p>Sie k\u00f6nnen dies verhindern, indem Sie sich vor der Aktivierung des Buttons ausloggen.<\/p>\n\n\n\n<p>Google speichert Ihre Daten als Nutzungsprofile und nutzt sie f\u00fcr Zwecke der Werbung, Marktforschung und\/oder bedarfsgerechten Gestaltung seiner Website. Eine solche Auswertung erfolgt insbesondere (selbst f\u00fcr nicht eingeloggte Nutzer) zur Erbringung von bedarfsgerechter Werbung und um andere Nutzer des sozialen Netzwerks \u00fcber Ihre Aktivit\u00e4ten auf unserer Website zu informieren.<\/p>\n\n\n\n<p>Sie haben diesbez\u00fcglich ein Widerspruchsrecht, dass Sie an Google richten m\u00fcssen.<\/p>\n\n\n\n<p>Weitere Informationen auch bez\u00fcglich Ihrer Rechte und Einstellungsm\u00f6glichkeiten zum Schutze Ihrer Privatsph\u00e4re erhalten Sie unter:<\/p>\n\n\n\n<p><a href=\"http:\/\/www.google.de\/intl\/de\/policies\/privacy\">Datenschutzerkl\u00e4rung von Google<\/a>.<\/p>\n\n\n\n<p>Google verarbeitet Ihre personenbezogenen Daten auch in den USA und hat sich dem EU-US Privacy Shield unterworfen:<\/p>\n\n\n\n<p><a href=\"https:\/\/www.privacyshield.gov\/EU-US-Framework\">Privacy Shield Framework<\/a>.<\/p>\n\n\n\n<h2 class=\"wp-block-heading\">Videoeinbindungen via Youtube oder Vimeo<\/h2>\n\n\n\n<p>Die Videos auf unseren Seiten sind in der Regel so eingebunden, dass beim Seitenaufruf noch keine Verbindung zu Youtube hergestellt wird (no-cookie-Einstellung). Erst beim Anklicken des Vorschaubildes wird eine Verbindung zum Youtube-Server hergestellt.<\/p>\n\n\n\n<p>Weitere Informationen zum Umgang von Nutzerdaten finden Sie in der Datenschutzerkl\u00e4rung von YouTube unter: <a href=\"https:\/\/www.google.de\/intl\/de\/policies\/privacy\">Datenschutzerkl\u00e4rung von Google<\/a> und f\u00fcr Vimeo unter: <a href=\"https:\/\/vimeo.com\/privacy\">Vimeo Datenschutzerkl\u00e4rung<\/a><\/p>\n\n\n\n<h2 class=\"wp-block-heading\">Facebook Verlinkung<\/h2>\n\n\n\n<p>Die YouAct Schauspielschule ist auch auf Facebook vertreten. Wir verlinken von unserer Website auf unseren Facebook Auftritt. Die Verlinkung geschieht ohne Einsatz von Plugins. Eine \u00dcbermittlung personenbezogener Daten findet nicht statt. Unsere Facebook Seite ist auch ohne Registrierung auf Facebook erreichbar.<\/p>\n\n\n\n<h2 class=\"wp-block-heading\">Widerrufsrecht und Auskunftsrecht<\/h2>\n\n\n\n<p>Sie haben jederzeit das Recht auf unentgeltliche Auskunft \u00fcber Ihre gespeicherten personenbezogenen Daten, deren Herkunft und Empf\u00e4nger und den Zweck der Datenverarbeitung sowie ein Recht auf Berichtigung, Sperrung oder L\u00f6schung dieser Daten. Hierzu sowie zu weiteren Fragen zum Thema personenbezogene Daten k\u00f6nnen Sie sich jederzeit unter der im Impressum angegebenen Adresse oder per E-Mail info@you-act.de an uns wenden.<\/p>\n","protected":false},"excerpt":{"rendered":"<p>Datenschutzerkl\u00e4rung Verantwortlicher Datenverarbeitung Diese Datenschutz-Information gilt f\u00fcr die Datenverarbeitung durch: Verantwortlicher: YouAct Schauspielschule f\u00fcr Kinder und Jugendliche, Inhaberin: Berit Menze, Kirchenstra\u00dfe 89 a+b, 81675 M\u00fcnchen, info@you-act.de, Tel: 089 \u2013 999 446 49 Allgemeines zum Datenschutz Die Erhebung, Verarbeitung und Nutzung personenbezogener Daten ist f\u00fcr eine korrekte Bearbeitung von Kundenanfragen unentbehrlich. Personenbezogene Daten sind alle Daten, &#8230; <a title=\"Datenschutz\" class=\"read-more\" href=\"https:\/\/bee2bee.biz\/you-act\/datenschutzerklaerung\/\" aria-label=\"Mehr Informationen \u00fcber Datenschutz\">Weiterlesen<\/a><\/p>\n","protected":false},"author":1,"featured_media":0,"parent":0,"menu_order":0,"comment_status":"closed","ping_status":"open","template":"","meta":{"footnotes":""},"class_list":["post-3","page","type-page","status-publish"],"_links":{"self":[{"href":"https:\/\/bee2bee.biz\/you-act\/wp-json\/wp\/v2\/pages\/3","targetHints":{"allow":["GET"]}}],"collection":[{"href":"https:\/\/bee2bee.biz\/you-act\/wp-json\/wp\/v2\/pages"}],"about":[{"href":"https:\/\/bee2bee.biz\/you-act\/wp-json\/wp\/v2\/types\/page"}],"author":[{"embeddable":true,"href":"https:\/\/bee2bee.biz\/you-act\/wp-json\/wp\/v2\/users\/1"}],"replies":[{"embeddable":true,"href":"https:\/\/bee2bee.biz\/you-act\/wp-json\/wp\/v2\/comments?post=3"}],"version-history":[{"count":5,"href":"https:\/\/bee2bee.biz\/you-act\/wp-json\/wp\/v2\/pages\/3\/revisions"}],"predecessor-version":[{"id":747,"href":"https:\/\/bee2bee.biz\/you-act\/wp-json\/wp\/v2\/pages\/3\/revisions\/747"}],"wp:attachment":[{"href":"https:\/\/bee2bee.biz\/you-act\/wp-json\/wp\/v2\/media?parent=3"}],"curies":[{"name":"wp","href":"https:\/\/api.w.org\/{rel}","templated":true}]}}