{"id":113,"date":"2024-12-20T12:57:26","date_gmt":"2024-12-20T11:57:26","guid":{"rendered":"https:\/\/bee2bee.biz\/you-act\/?page_id=113"},"modified":"2025-10-03T16:04:04","modified_gmt":"2025-10-03T14:04:04","slug":"kurse","status":"publish","type":"page","link":"https:\/\/bee2bee.biz\/you-act\/kurse\/","title":{"rendered":"Kurse"},"content":{"rendered":"\n<div class=\"wp-block-group kurse-first-section is-layout-grid wp-container-core-group-is-layout-4d858cb8 wp-block-group-is-layout-grid\">\n<div class=\"qr-one-one\"><h1>Kurse<\/h1><\/div>\n\n\n\n<div class=\"qr-one-two\"><\/div>\n\n\n\n<div class=\"qr-one-three\"><\/div>\n\n\n\n<div class=\"qr-two-one\"><p>Unsere meisten Kurse finden im w\u00f6chentlichen Rhythmus mit 90 Minuten Unterrichtszeit statt. F\u00fcr j\u00fcngere YouActler*innen bieten wir am Samstag w\u00f6chentliche Kurse mit 60 Minuten an. Dar\u00fcberhinaus bieten wir am Samstag Kurse an, die sich 2 x im Monat treffen und dann eine doppelte Kurseinheit machen. Die Kurse sind nach Altersgruppen unterteilt und werden jeweils von einer festen Dozentenin oder einem festen Dozenten geleitet.\nUnd jetzt NEU: Wir beiten auch Kurse f\u00fcr Erwachsene an.<\/p><\/div>\n\n\n\n<div class=\"qr-two-two\"><\/div>\n\n\n\n<div class=\"qr-two-three\"><\/div>\n<\/div>\n\n\n\n<div class=\"wp-block-group kurse-second-section is-layout-grid wp-container-core-group-is-layout-4d858cb8 wp-block-group-is-layout-grid\">\n<div class=\"qr-one-one\"><p>In den Schulferien und an gesetzlichen Feiertagen machen auch wir Pause. W\u00e4hrend der Schulferien bieten wir verschiedene Ferienkurse an, in denen in den Bereichen Schauspiel, Musical und Film besondere Projekte verwirklicht werden k\u00f6nnen. Diese Ferienkurse k\u00f6nnen von YouAct Sch\u00fclern gratis bzw. erm\u00e4\u00dfigt besucht werden.<\/p><\/div>\n\n\n\n<div class=\"qr-one-two\"><\/div>\n\n\n\n<div class=\"qr-one-three\"><\/div>\n\n\n\n<div class=\"qr-two-one\"><\/div>\n\n\n\n<div class=\"qr-two-two\"><\/div>\n\n\n\n<div class=\"qr-two-three\"><\/div>\n<\/div>\n\n\n\n<div class=\"wp-block-group kurse-third-section is-layout-grid wp-container-core-group-is-layout-4d858cb8 wp-block-group-is-layout-grid\">\n<div class=\"qr-one-one\"><h2 id=\"prs\">PREISE<\/h2> <div id=\"preise1\"><b>90 Min.<\/b> \/ Woche<br\/>85,-\u20ac monatlich<br\/><br\/><\/div> <div id=\"preise2\"><b>60 Min.<\/b> \/ Woche<br\/>65,-\u20ac monatlich<br\/><br\/><\/div> <div id=\"preise2\"><b>Erwachsenenkurs<\/b> <br\/> 5 x 90 Min.<br\/>einmalig 150,-\u20ac<\/div>\n<\/div>\n\n\n\n<div class=\"qr-one-three\"><\/div>\n\n\n\n<div class=\"qr-one-four\"><\/div>\n\n\n\n<div class=\"qr-two-one\"><p>Bei Sofortzahlung des gesamten Jahresbetrages gew\u00e4hren wir 5% Erm\u00e4\u00dfigung.\nGeschwisterkinder zahlen nur 65,- \u20ac.\nBei den 60 min\u00fctigen Kursen zahlen Geschwister nur 50,- \u20ac.<\/p><p>Unsere festen Vertr\u00e4ge laufen unbefristet und k\u00f6nnen monatlich gek\u00fcndigt werden.<\/p><p>Jede:r Sch\u00fcler:in kann an einer kostenlosen Schnupperstunde teilnehmen!<\/p><\/div>\n\n\n\n<div class=\"qr-two-three\"><\/div>\n\n\n\n<div class=\"qr-two-four\"><\/div>\n<\/div>\n\n\n\n<h2 class=\"wp-block-heading stundenplan\" id=\"stdpl\">Stundenplan<\/h2>\n\n\n\n<figure class=\"wp-block-table stundenplan\"><table class=\"has-fixed-layout\"><thead><tr><th>Montag<\/th><th>Dienstag<\/th><th>Mittwoch<\/th><th>Donnerstag<\/th><th>Freitag<\/th><th colspan=\"3\">Samstag<\/th><\/tr><\/thead><tbody><tr><td>OSTBAHNHOF<br><strong>12-14 Jahre<\/strong><br>15:30-17:00 Uhr<br><a href=\"https:\/\/bee2bee.biz\/you-act\/ueber-uns\/?startid=705#doz\" data-type=\"link\" data-id=\"https:\/\/bee2bee.biz\/you-act\/ueber-uns\/?startid=705#doz\">Anouschka Doinet<\/a><\/td><td>OSTBAHNHOF<br><strong>15-17 Jahre<\/strong><br>15:30-17:00 Uhr <br><a href=\"https:\/\/bee2bee.biz\/you-act\/ueber-uns\/?startid=307#doz\">Markus Kayl<\/a> <br><\/td><td>DIE\u00dfEN<br><strong>9-11 Jahre<\/strong><br>15:30-17:00 Uhr <br><a href=\"https:\/\/bee2bee.biz\/you-act\/ueber-uns\/?startid=705#doz\" data-type=\"link\" data-id=\"https:\/\/bee2bee.biz\/you-act\/ueber-uns\/?startid=705#doz\">Anouschka Doinet<\/a><\/td><td><\/td><td>OSTBAHNHOF<br><strong>10-13 Jahre<\/strong><br>15:30-17:00 Uhr <a href=\"https:\/\/bee2bee.biz\/you-act\/ueber-uns\/?startid=309\">Nicola Trub<\/a><\/td><td>OSTBAHNHOF<br><strong>6-8 Jahre<\/strong><br>09:00-10:00 Uhr<br><a href=\"https:\/\/bee2bee.biz\/you-act\/ueber-uns\/?startid=715#doz\" data-type=\"link\" data-id=\"https:\/\/bee2bee.biz\/you-act\/ueber-uns\/?startid=715#doz\">Nina Poethen<\/a><\/td><td>OSTBAHNHOF<br><strong>7-10 Jahre<\/strong><br>10:00-11:00 Uhr<br><a href=\"https:\/\/bee2bee.biz\/you-act\/ueber-uns\/?startid=715#doz\" data-type=\"link\" data-id=\"https:\/\/bee2bee.biz\/you-act\/ueber-uns\/?startid=715#doz\">Nina Poethen<\/a><\/td><td>Test<\/td><\/tr><tr><td>OSTBAHNHOF<br><strong>14-16 Jahre<\/strong><br>17:00-18:30 Uhr<br><a href=\"https:\/\/bee2bee.biz\/you-act\/ueber-uns\/?startid=705#doz\" data-type=\"link\" data-id=\"https:\/\/bee2bee.biz\/you-act\/ueber-uns\/?startid=705#doz\">Anouschka Doinet<\/a><\/td><td>OSTBAHNHOF<br><strong>11-13 Jahre<\/strong><br>17:00-18:30 Uhr <a href=\"https:\/\/bee2bee.biz\/you-act\/ueber-uns\/?startid=307#doz\">Markus Kayl<\/a><\/td><td>DIE\u00dfEN<br><strong>13-18 Jahre<\/strong><br>17:30-19:00 Uhr <br><a href=\"https:\/\/bee2bee.biz\/you-act\/ueber-uns\/?startid=705#doz\" data-type=\"link\" data-id=\"https:\/\/bee2bee.biz\/you-act\/ueber-uns\/?startid=705#doz\">Anouschka Doinet<\/a><\/td><td>OSTBAHNHOF<br><strong>12-14 Jahre<\/strong><br>17:00-18:30 Uhr <a href=\"https:\/\/bee2bee.biz\/you-act\/ueber-uns\/?startid=712#doz\" data-type=\"link\" data-id=\"https:\/\/bee2bee.biz\/you-act\/ueber-uns\/?startid=712#doz\">Gonca de Haas<\/a><\/td><td>OSTBAHNHOF<br><strong>15-17 Jahre<\/strong><br>17:00-18:30 Uhr <a href=\"https:\/\/bee2bee.biz\/you-act\/ueber-uns\/?startid=309\">Nicola Trub<\/a><\/td><td>OSTBAHNHOF<br><strong>10-12 Jahre<\/strong><br>11:00-12:30 Uhr<br><a href=\"https:\/\/bee2bee.biz\/you-act\/ueber-uns\/?startid=705#doz\" data-type=\"link\" data-id=\"https:\/\/bee2bee.biz\/you-act\/ueber-uns\/?startid=705#doz\">Anouschka Doinet<\/a><\/td><td>OSTBAHNHOF<br><strong>6-8 Jahre<\/strong><br>13:00-14:00 Uhr<br><a href=\"https:\/\/bee2bee.biz\/you-act\/ueber-uns\/?startid=715#doz\" data-type=\"link\" data-id=\"https:\/\/bee2bee.biz\/you-act\/ueber-uns\/?startid=715#doz\">Nina Poethen<\/a><\/td><td><\/td><\/tr><tr><td>OSTBAHNHOF<br><strong>20-25 Jahre<\/strong><br>19:00-20:30 Uhr<br><a href=\"https:\/\/bee2bee.biz\/you-act\/ueber-uns\/?startid=300#doz\">Berit Menze<\/a><\/td><td>OSTBAHNHOF<br><strong>18-20 Jahre<\/strong><br>18:30-20:00 Uhr <a href=\"https:\/\/bee2bee.biz\/you-act\/ueber-uns\/?startid=307#doz\">Markus Kayl<\/a><\/td><td>OSTBAHNHOF<br><strong>10-12 Jahre<\/strong><br>16:00-17:30 Uhr<br><a href=\"https:\/\/bee2bee.biz\/you-act\/ueber-uns\/?startid=709#doz\" data-type=\"link\" data-id=\"https:\/\/bee2bee.biz\/you-act\/ueber-uns\/?startid=709#doz\">Elli Stark<\/a><\/td><td><\/td><td>OSTBAHNHOF<br><strong>12-14 Jahre<\/strong><br>18:30-20:00 Uhr <a href=\"https:\/\/bee2bee.biz\/you-act\/ueber-uns\/?startid=309\">Nicola Trub<\/a><\/td><td>OSTBAHNHOF<br>2x pro Monat<br><strong>10-12 Jahre<\/strong><br>14:00-16:00 Uhr<br><a href=\"https:\/\/bee2bee.biz\/you-act\/ueber-uns\/?startid=709#doz\" data-type=\"link\" data-id=\"https:\/\/bee2bee.biz\/you-act\/ueber-uns\/?startid=709#doz\">Elli Stark<\/a><\/td><td>OSTBAHNHOF<br>2x pro Monat<br><strong>6-8 Jahre<\/strong><br>14:00-16:00 Uhr<br><a href=\"https:\/\/bee2bee.biz\/you-act\/ueber-uns\/?startid=731#doz\" data-type=\"link\" data-id=\"https:\/\/bee2bee.biz\/you-act\/ueber-uns\/?startid=731#doz\">Stefan Mascheck<\/a><\/td><td><\/td><\/tr><tr><td><\/td><td>PASING<br><strong>11-13 Jahre<\/strong><br>15:30-17:00 Uhr<br><a href=\"https:\/\/bee2bee.biz\/you-act\/ueber-uns\/?startid=702#doz\" data-type=\"link\" data-id=\"https:\/\/bee2bee.biz\/you-act\/ueber-uns\/?startid=702#doz\">Peter Wolter<\/a><\/td><td>OSTBAHNHOF<br><strong>14-16 Jahre<\/strong><br>17:30-19:00 Uhr<br><a href=\"https:\/\/bee2bee.biz\/you-act\/ueber-uns\/?startid=709#doz\" data-type=\"link\" data-id=\"https:\/\/bee2bee.biz\/you-act\/ueber-uns\/?startid=709#doz\">Elli Stark<\/a><\/td><td><\/td><td><\/td><td>OSTBAHNHOF<br>2x pro Monat<br><strong>13-15 Jahre<\/strong><br>16:00-19:00 Uhr<br><a href=\"https:\/\/bee2bee.biz\/you-act\/ueber-uns\/?startid=731#doz\" data-type=\"link\" data-id=\"https:\/\/bee2bee.biz\/you-act\/ueber-uns\/?startid=731#doz\">Stefan Mascheck<\/a><br><\/td><td>OSTBAHNHOF<br>2x pro Monat<br><strong>18-20 Jahre<\/strong><br>16:00-19:00 Uhr<br><a href=\"https:\/\/bee2bee.biz\/you-act\/ueber-uns\/?startid=709#doz\" data-type=\"link\" data-id=\"https:\/\/bee2bee.biz\/you-act\/ueber-uns\/?startid=709#doz\">Elli Stark<\/a><br><\/td><td><\/td><\/tr><tr><td><\/td><td>PASING<br><strong>14-16 Jahre<\/strong><br>17:00-18:30 Uhr<br><a href=\"https:\/\/bee2bee.biz\/you-act\/ueber-uns\/?startid=702#doz\" data-type=\"link\" data-id=\"https:\/\/bee2bee.biz\/you-act\/ueber-uns\/?startid=702#doz\">Peter Wolter<\/a><\/td><td>OSTBAHNHOF<br><strong>Neu<\/strong> Erwachsene (30+)<br>19:15-20:45 Uhr <br><a href=\"https:\/\/bee2bee.biz\/you-act\/ueber-uns\/?startid=709#doz\" data-type=\"link\" data-id=\"https:\/\/bee2bee.biz\/you-act\/ueber-uns\/?startid=709#doz\">Elli Stark<\/a><\/td><td><\/td><td><\/td><td><\/td><td><\/td><td><\/td><\/tr><tr><td><\/td><td><\/td><td><\/td><td><\/td><td><\/td><td><\/td><td><\/td><td><\/td><\/tr><\/tbody><\/table><\/figure>\n\n\n\n<script>\n\nvar el = document.getElementsByTagName(\"td\");\n\nfor (var i = 0; i < el.length; i++) {\n\n  if((el[i].innerHTML.indexOf(\"DIE\u00dfEN\") != -1) || (el[i].innerHTML.indexOf(\"PASING\") != -1)) {\n    el[i].className += \"stdbright\";}\n}\n<\/script>\n\n\n\n<h2 class=\"wp-block-heading ferienkurse\" id=\"frkrs\">Ferienkurse<\/h2>\n\n\n\n<p class=\"ferienkurse\">Die YouAct bietet ein umfangreiches Ferienprogramm in den Bereichen Theater, Film und Musical an. Bei uns k\u00f6nnt ihr die schulfreie Zeit mit tollen Theatererfahrungen f\u00fcllen. Vom eigenen Film \u00fcber Schauspiel intensiv Kurse bis zum Highschoolmusical - hier k\u00f6nnt ihr tolle Ferienkurse belegen, in denen ihr nach Herzenslust spielen, filmen und Theaterluft schnuppern k\u00f6nnt. Die Ferienkurse finden, wenn nicht anders gekennzeichnet, an unserem Standort am OSTBAHNHOF statt.<br><br>Vorkenntnisse sind nicht erforderlich.<br>Essen und Getr\u00e4nke bitte selbst mitbringen.<\/p>\n\n\n\n<div class=\"tab\">\n  <button class=\"tablinks\" onclick=\"openCity(event, 'Sommerferien')\" id=\"defaultOpen\">Sommerferien<\/button>\n  <button class=\"tablinks\" onclick=\"openCity(event, 'Herbstferien')\">Herbstferien<\/button>\n  <button class=\"tablinks\" onclick=\"openCity(event, 'Weihnachtsferien')\">Weihnachtsferien<\/button>\n  <button class=\"tablinks\" onclick=\"openCity(event, 'Faschingsferien')\">Faschingsferien<\/button>\n  <button class=\"tablinks\" onclick=\"openCity(event, 'Osterferien')\">Osterferien<\/button>\n  <button class=\"tablinks\" onclick=\"openCity(event, 'Pfingstferien')\">Pfingstferien<\/button>\n  \n<\/div>\n\n<!-- Tab content -->\n<div id=\"Sommerferien\" class=\"tabcontent\">\n\n\n\n<figure class=\"wp-block-table ferienkurse\"><table class=\"has-fixed-layout\"><tbody><tr><td><h2>SCHAUSPIEL INTENSIV <br>Kurs 1<\/h2><strong>04.-08.08.2025 <\/strong>| 10-15 Uhr<br><br>Alter: 10-14 Jahre<br>Teilnehmerzahl: min. 6 \/max. 12<br>Kursbeitrag: 250,- Euro<br>(f\u00fcr YouAct-Sch\u00fcler:innen frei)<br><br>Hier kannst du in kurzer Zeit alles ausprobieren und kennenlernen, was sonst \u00fcber viele Monate in unseren Kursen vermittelt wird. Von K\u00f6rper-, Atem- und Stimmtraining bis zu Improvisationen und dem Entwickeln von Szenen ist alles dabei.<br><br><a href=\"https:\/\/bee2bee.biz\/you-act\/anmeldung\/?kon-betreff=Sommerferien+Anmeldung+SCHAUSPIEL+intensiv+Kurs1#wpcf7-f369-p108-o1\" data-type=\"page\" data-id=\"108\"><button>Anmelden<\/button><br><\/a><br><br><br><br><\/td><td><h2 class=\"ferienkurstitel\">SCHAUSPIEL kompakt <\/h2><br><strong>09.August 2025 <\/strong>| 10-13 Uhr<br><br>Alter: 6-9 Jahre<br>Teilnehmerzahl: min. 6 \/max. 12<br>Kursbeitrag: 65,- Euro<br>(f\u00fcr YouAct-Sch\u00fcler:innen frei)<br><br>Ein intensiver Tag rund um die Schauspielkunst.<br>Eine tolle M\u00f6glichkeit, um dich einfach mal auszuprobieren.<br><br><br><br><br><br><br><a href=\"https:\/\/bee2bee.biz\/you-act\/anmeldung\/?kon-betreff=Sommerferien+Anmeldung+SCHAUSPIEL+kompakt#wpcf7-f369-p108-o1\" data-type=\"page\" data-id=\"108\"><button class=\"ferienkursanmeldung\">Anmelden<\/button><br><\/a><br><\/td><td><h2 class=\"ferienkurstitel\"><\/h2><h2>SCHAUSPIEL INTENSIV <br>Kurs 2<\/h2><strong>11.-15.08.2025 <\/strong>| 10-15 Uhr<br><br>Alter: 10-14 Jahre<br>Teilnehmerzahl: min. 6 \/max. 12<br>Kursbeitrag: 250,- Euro<br>(f\u00fcr YouAct-Sch\u00fcler:innen frei)<br><br>Hier kannst du in kurzer Zeit alles ausprobieren und kennenlernen, was sonst \u00fcber viele Monate in unseren Kursen vermittelt wird. Von K\u00f6rper-, Atem- und Stimmtraining bis zu Improvisationen und dem Entwickeln von Szenen ist alles dabei.<br>Schauspiel wirklich intensiv.<br><br><br><a href=\"https:\/\/bee2bee.biz\/you-act\/anmeldung\/?kon-betreff=Sommerferien+Anmeldung+SCHAUSPIEL+intensiv+Kurs2#wpcf7-f369-p108-o1\" data-type=\"page\" data-id=\"108\"><button class=\"ferienkursanmeldung\">Anmelden<\/button><br><\/a><br><\/td><\/tr><tr><td><h2>SCHAUSPIEL INTENSIV <br>Kurs 3<\/h2><strong>01.-05.09.2025 <\/strong>| 10-15 Uhr<br><br>Alter: 10-14 Jahre<br>Teilnehmerzahl: min. 6 \/max. 12<br>Kursbeitrag: 250,- Euro<br>(f\u00fcr YouAct-Sch\u00fcler:innen frei)<br><br>Hier kannst du in kurzer Zeit alles ausprobieren und kennenlernen, was sonst \u00fcber viele Monate in unseren Kursen vermittelt wird. Von K\u00f6rper-, Atem- und Stimmtraining bis zu Improvisationen und dem Entwickeln von Szenen ist alles dabei.<br><a href=\"https:\/\/bee2bee.biz\/you-act\/anmeldung\/?kon-betreff=Sommerferien+Anmeldung+SCHAUSPIEL+intensiv+Kurs3#wpcf7-f369-p108-o1\" data-type=\"page\" data-id=\"108\"><button class=\"ferienkursanmeldung\">Anmelden<\/button><br><\/a><br><br><br><br><\/td><td><h2 class=\"ferienkurstitel\">Camera Acting<\/h2><br><strong>06.-07.09. <\/strong>| 10-15 Uhr<br><br>Alter: ab 13 Jahre<br>Teilnehmerzahl: min. 6 \/max. 12<br>Kursbeitrag: 210,- Euro<br>(f\u00fcr YouAct-Sch\u00fcler:innen frei)<br><br>In diesem Workshop k\u00f6nnt ihr ausprobieren, wie es ist, vor der Kamera zu stehen. Daf\u00fcr erarbeiten wir mit euch tolle Szenen, die wir dann gemeinsam drehen.<br>Die fertig geschnittenen Szenen stellen wir euch ca. 14 Tage nach dem Workshop als Download-Datei zur Verf\u00fcgung.<br><br><a href=\"https:\/\/bee2bee.biz\/you-act\/anmeldung\/?kon-betreff=Sommerferien+Anmeldung+Camer+Acting#wpcf7-f369-p108-o1\" data-type=\"page\" data-id=\"108\"><button class=\"ferienkursanmeldung\">Anmelden<\/button><br><\/a><br><\/td><td><h2>SCHAUSPIEL INTENSIV <br>Kurs 4<\/h2><strong>08.-12.09.2025 <\/strong>| 10-15 Uhr<br><br>Alter: 12-16 Jahre<br>Teilnehmerzahl: min. 6 \/max. 12<br>Kursbeitrag: 250,- Euro<br>(f\u00fcr YouAct-Sch\u00fcler:innen frei)<br><br>Hier kannst du in kurzer Zeit alles ausprobieren und kennenlernen, was sonst \u00fcber viele Monate in unseren Kursen vermittelt wird. Von K\u00f6rper-, Atem- und Stimmtraining bis zu Improvisationen und dem Entwickeln von Szenen ist alles dabei.<br><a href=\"https:\/\/bee2bee.biz\/you-act\/anmeldung\/?kon-betreff=Sommerferien+Anmeldung+SCHAUSPIEL+intensiv+Kurs+4#wpcf7-f369-p108-o1\" data-type=\"page\" data-id=\"108\"><button class=\"ferienkursanmeldung\">Anmelden<\/button><br><\/a><br><\/td><\/tr><tr><td><\/td><td><\/td><td><\/td><\/tr><\/tbody><\/table><\/figure>\n\n\n\n<\/div>\n<div id=\"Herbstferien\" class=\"tabcontent\">\n\n\n\n<figure class=\"wp-block-table ferienkurse\"><table class=\"has-fixed-layout\"><tbody><tr><td><h2><h2 class=\"ferienkurstitel\">SCHAUSPIEL intensiv<\/h2><\/h2><strong>03.11.-05.11.2025 <\/strong>| 10-15 Uhr<br><br>Alter: 9-13 Jahre<br>Teilnehmerzahl: min. 6 \/max. 12<br>Kursbeitrag: 180,- Euro<br>(f\u00fcr YouAct-Sch\u00fcler:innen frei)<br><br>Hier kannst du in kurzer Zeit alles ausprobieren und kennenlernen, was sonst \u00fcber viele Monate in unseren Kursen vermittelt wird. Von K\u00f6rper-, Atem- und Stimmtraining bis zu Improvisationen und dem Entwickeln von Szenen ist alles dabei.<br>Schauspiel wirklich intensiv.<br><br><button>Anmelden<\/button><br><br><br><br><br><\/td><td><h2 class=\"ferienkurstitel\">SCHAUSPIEL<br>KOMPAKT 1<\/h2><strong>06.11.2025 <\/strong>| 10-13 Uhr<br><br>Alter: 6-9 Jahre<br>Teilnehmerzahl: min. 6 \/max. 12<br>Kursbeitrag: 55,- Euro<br>(f\u00fcr YouAct-Sch\u00fcler:innen frei)<br><br>Ein intensiver Tag rund um die Schauspielkunst.<br>Eine tolle M\u00f6glichkeit, um dich einfach mal auszuprobieren.<br><br><br><br><br><button class=\"ferienkursanmeldung\">Anmelden<\/button><br><br><\/td><td><h2 class=\"ferienkurstitel\">SCHAUSPIEL<br>KOMPAKT 2<\/h2><strong>06.11.2025 <\/strong>| 10-13 Uhr<br><br>Alter: ab 13 Jahre<br>Teilnehmerzahl: min. 6 \/max. 12<br>Kursbeitrag: 55,- Euro<br>(f\u00fcr YouAct-Sch\u00fcler:innen frei)<br><br>Ein intensiver Tag rund um die Schauspielkunst.<br>Eine tolle M\u00f6glichkeit, um dich einfach mal auszuprobieren.<br><br><br><br><br><br><button class=\"ferienkursanmeldung\">Anmelden<\/button><br><br><\/td><\/tr><tr><td><br><br><\/td><td><br><\/td><td><br><br><\/td><\/tr><tr><td><\/td><td><\/td><td><\/td><\/tr><\/tbody><\/table><\/figure>\n\n\n\n<\/div>\n<div id=\"Weihnachtsferien\" class=\"tabcontent\">\n\n\n\n<figure class=\"wp-block-table ferienkurse\"><table class=\"has-fixed-layout\"><tbody><tr><td><h2 class=\"ferienkurstitel\">Termine folgen<\/h2><h2 class=\"ferienkurstitel\"><\/h2><br><br><br><br><\/td><td><\/td><td><\/td><\/tr><tr><td><br><\/td><td><br><br><\/td><td><br><\/td><\/tr><tr><td><\/td><td><\/td><td><\/td><\/tr><\/tbody><\/table><\/figure>\n\n\n\n<\/div>\n<div id=\"Faschingsferien\" class=\"tabcontent\">\n\n\n\n<figure class=\"wp-block-table ferienkurse\"><table class=\"has-fixed-layout\"><tbody><tr><td><h2 class=\"ferienkurstitel\">Termine folgen<\/h2><br><br><br><br><\/td><td><br><br><\/td><td><br><\/td><\/tr><tr><td><br><br><br><br><\/td><td><br><\/td><td><\/td><\/tr><tr><td><\/td><td><\/td><td><\/td><\/tr><\/tbody><\/table><\/figure>\n\n\n\n<\/div>\n<div id=\"Osterferien\" class=\"tabcontent\">\n\n\n\n<figure class=\"wp-block-table ferienkurse\"><table class=\"has-fixed-layout\"><tbody><tr><td><h2 class=\"ferienkurstitel\">Termine folgen<\/h2><br><br><br><br><\/td><td><\/td><td><br><br><\/td><\/tr><tr><td><br><br><br><br><\/td><td><br><br><\/td><td><br><br><\/td><\/tr><tr><td><\/td><td><\/td><td><\/td><\/tr><\/tbody><\/table><\/figure>\n\n\n\n<\/div>\n<div id=\"Pfingstferien\" class=\"tabcontent\">\n\n\n\n<figure class=\"wp-block-table ferienkurse\"><table class=\"has-fixed-layout\"><tbody><tr><td><h2 class=\"ferienkurstitel\">Termine folgen<\/h2><br><br><br><\/td><td><br><br><\/td><td><br><br><\/td><\/tr><tr><td><br><br><br><br><br><\/td><td><h2 class=\"ferienkurstitel\"><\/h2><\/td><td><br><br><\/td><\/tr><tr><td><\/td><td><\/td><td><\/td><\/tr><\/tbody><\/table><\/figure>\n\n\n\n<\/div>\n\n<script>\nfunction openCity(evt, cityName) {\n  var i, tabcontent, tablinks;\n  tabcontent = document.getElementsByClassName(\"tabcontent\");\n  for (i = 0; i < tabcontent.length; i++) {\n    tabcontent[i].style.display = \"none\";\n  }\n  tablinks = document.getElementsByClassName(\"tablinks\");\n  for (i = 0; i < tablinks.length; i++) {\n    tablinks[i].className = tablinks[i].className.replace(\" active\", \"\");\n  }\n  document.getElementById(cityName).style.display = \"block\";\n  evt.currentTarget.className += \" active\";\n}\n\n\/\/ Get the element with id=\"defaultOpen\" and click on it\ndocument.getElementById(\"defaultOpen\").click();\n<\/script>\n\n\n\n&nbsp; <br\/><br\/><br\/>\n\n\n\n<div class=\"wp-block-group ueber-uns-third-section is-layout-grid wp-container-core-group-is-layout-4d858cb8 wp-block-group-is-layout-grid\">\n<div class=\"qr-one-one\"><\/div>\n\n\n\n<div class=\"qr-one-two\"><\/div>\n\n\n\n<div class=\"qr-one-three\"><\/div>\n\n\n\n<div class=\"qr-one-four\"><\/div>\n\n\n\n<div class=\"qr-two-one\"><\/div>\n\n\n\n<div class=\"qr-two-two\"><div class=\"anmeldung\">\n<h2>SCHNUPPER <br\/>BEI UNS!<\/h2>\n<p>Komm in eine kostenlose Schnupperstunde und spiel mit! Wir freuen uns auf dich!<br\/><br\/>\n<a href=\"https:\/\/bee2bee.biz\/you-act\/anmeldung\/?kon-betreff=Schnupperstunde#wpcf7-f369-p108-o1\"><button class=\"anmelden\">Anmelden<\/button> <span id=\"pfeil\">&#8594;<\/span><\/a><\/div><\/div>\n\n\n\n<div class=\"qr-two-three\"><\/div>\n\n\n\n<div class=\"qr-two-four\"><\/div>\n<\/div>\n","protected":false},"excerpt":{"rendered":"<p>Kurse Unsere meisten Kurse finden im w\u00f6chentlichen Rhythmus mit 90 Minuten Unterrichtszeit statt. F\u00fcr j\u00fcngere YouActler*innen bieten wir am Samstag w\u00f6chentliche Kurse mit 60 Minuten an. Dar\u00fcberhinaus bieten wir am Samstag Kurse an, die sich 2 x im Monat treffen und dann eine doppelte Kurseinheit machen. Die Kurse sind nach Altersgruppen unterteilt und werden jeweils &#8230; <a title=\"Kurse\" class=\"read-more\" href=\"https:\/\/bee2bee.biz\/you-act\/kurse\/\" aria-label=\"Mehr Informationen \u00fcber Kurse\">Weiterlesen<\/a><\/p>\n","protected":false},"author":1,"featured_media":0,"parent":0,"menu_order":0,"comment_status":"closed","ping_status":"closed","template":"","meta":{"footnotes":""},"class_list":["post-113","page","type-page","status-publish"],"_links":{"self":[{"href":"https:\/\/bee2bee.biz\/you-act\/wp-json\/wp\/v2\/pages\/113","targetHints":{"allow":["GET"]}}],"collection":[{"href":"https:\/\/bee2bee.biz\/you-act\/wp-json\/wp\/v2\/pages"}],"about":[{"href":"https:\/\/bee2bee.biz\/you-act\/wp-json\/wp\/v2\/types\/page"}],"author":[{"embeddable":true,"href":"https:\/\/bee2bee.biz\/you-act\/wp-json\/wp\/v2\/users\/1"}],"replies":[{"embeddable":true,"href":"https:\/\/bee2bee.biz\/you-act\/wp-json\/wp\/v2\/comments?post=113"}],"version-history":[{"count":105,"href":"https:\/\/bee2bee.biz\/you-act\/wp-json\/wp\/v2\/pages\/113\/revisions"}],"predecessor-version":[{"id":874,"href":"https:\/\/bee2bee.biz\/you-act\/wp-json\/wp\/v2\/pages\/113\/revisions\/874"}],"wp:attachment":[{"href":"https:\/\/bee2bee.biz\/you-act\/wp-json\/wp\/v2\/media?parent=113"}],"curies":[{"name":"wp","href":"https:\/\/api.w.org\/{rel}","templated":true}]}}