{"id":110,"date":"2024-12-20T12:55:38","date_gmt":"2024-12-20T11:55:38","guid":{"rendered":"https:\/\/bee2bee.biz\/you-act\/?page_id=110"},"modified":"2025-04-24T14:50:25","modified_gmt":"2025-04-24T12:50:25","slug":"standorte","status":"publish","type":"page","link":"https:\/\/bee2bee.biz\/you-act\/standorte\/","title":{"rendered":"Standorte"},"content":{"rendered":"\n<div class=\"wp-block-group standorte-first-section is-layout-grid wp-container-core-group-is-layout-4d858cb8 wp-block-group-is-layout-grid\">\n<div class=\"qr-one-one\"><h1>Standorte<\/h1><\/div>\n\n\n\n<div class=\"qr-one-two\"><\/div>\n\n\n\n<div class=\"qr-one-three\"><\/div>\n\n\n\n<div class=\"qr-one-four\"><\/div>\n<\/div>\n\n\n\n<div class=\"wp-block-group standorte-second-section is-layout-grid wp-container-core-group-is-layout-4d858cb8 wp-block-group-is-layout-grid\">\n<div class=\"qr-one-one\"><h2>OSTBAHNHOF<\/h2><a name=\"ostbhf\"><\/a><\/div>\n\n\n\n<div class=\"qr-one-two\"><\/div>\n\n\n\n<div class=\"qr-one-three\"><\/div>\n\n\n\n<div class=\"qr-one-four\"><\/div>\n\n\n\n<div class=\"qr-two-one\"><p>In unserer Schauspielschule am Ostbahnhof in M\u00fcnchen bieten wir Schauspielkurse und Workshops an. Kinder und Jugendliche aller Altersstufen haben die Gelegenheit, unter professioneller Anleitung Erfahrungen zu machen in den Bereichen Schauspiel (Schauspielkurs, Schauspielunterricht), Stimme und Sprache (Sprecherziehung), Gesang (Gesangstraining) und Spielen vor der Kamera.<\/p><a href=\"https:\/\/bee2bee.biz\/you-act\/anmeldung\/?kon-betreff=Ostbahnhof#wpcf7-f369-p108-o1\"><button class=\"anmelden\">Kursanfrage<\/button> <span id=\"pfeil\">&#8594;<\/span><\/a><\/div>\n\n\n\n<div class=\"qr-two-three\"><p>Kirchenstrasse 89 b<br\/>\n81675 M\u00fcnchen<br\/><br\/>\nTel: 089 &#8211; 999 446 49<br\/>\nE-Mail: info@you-act.de <br\/><br\/>\n\u00d6ffnungszeiten<br\/>\nMO-FR &nbsp; &nbsp; &nbsp; &nbsp; SA<br\/>\n11-19 Uhr &nbsp; 10-19 Uhr\n<\/p><\/div>\n\n\n\n<div class=\"qr-two-four\">\n<img loading=\"lazy\" decoding=\"async\" style=\"border-radius:20px;\" width=\"400\" height=\"300\" src=\"https:\/\/bee2bee.biz\/you-act\/wp-content\/uploads\/2025\/03\/YouAct-Kirchen-Str.jpg\"><br\/><span id=\"karte\"><a href=\"https:\/\/www.openstreetmap.org\/?mlat=48.133267&#038;mlon=11.609298#map=18\/48.133267\/11.609298\" target=\"_blank\">OpenStreetMaps &#8594;<\/a> \n<a href=\"https:\/\/maps.app.goo.gl\/Hhn9PjibP9nxqcXg7\" target=\"_blank\">Google Maps &#8594;<\/a><\/span><\/div>\n<\/div>\n\n\n\n<div class=\"wp-block-group standorte-third-section is-layout-grid wp-container-core-group-is-layout-4d858cb8 wp-block-group-is-layout-grid\">\n<div class=\"qr-one-one\"><h2>THERESIENWIESE<\/h2><\/div>\n\n\n\n<div class=\"qr-one-two\"><\/div>\n\n\n\n<div class=\"qr-one-three\"><\/div>\n\n\n\n<div class=\"qr-one-four\"><\/div>\n\n\n\n<div class=\"qr-two-one\"><p>Der YouAct Standort in unmittelbarer N\u00e4he der M\u00fcnchner Theresienwiese bietet Schauspielunterricht f\u00fcr Kinder und Jugendliche an.  In unseren Kursen haben sie die M\u00f6glichkeit, unter professioneller Anleitung Erfahrungen in allen Bereichen des Schauspiels zu machen:  Von Stimme und Sprache \u00fcber Improvisation bis zum Rollenspiel.<\/p><a href=\"https:\/\/bee2bee.biz\/you-act\/anmeldung\/?kon-betreff=Theresienwiese#wpcf7-f369-p108-o1\"><button class=\"anmelden\">Kursanfrage<\/button> <span id=\"pfeil\">&#8594;<\/span><\/a><\/div>\n\n\n\n<div class=\"qr-two-three\"><p>Paul-Heyse-Str. 21<br\/>\nR\u00fcckgeb\u00e4ude<br\/>\n80336 M\u00fcnchen<br\/><br\/>\nTel: 089 &#8211; 999 446 49<br\/>\nE-Mail: info@you-act.de <br\/><br\/>\n\u00d6ffnungszeiten<br\/>\nMO-FR &nbsp; &nbsp; &nbsp; &nbsp; SA<br\/>\n11-19 Uhr &nbsp; 10-19 Uhr\n<\/p><\/div>\n\n\n\n<div class=\"qr-two-four\">\n<img loading=\"lazy\" decoding=\"async\" style=\"border-radius:20px;\" width=\"400\" height=\"300\" src=\"https:\/\/bee2bee.biz\/you-act\/wp-content\/uploads\/2025\/03\/YouAct-Paul-Heyse-Str.jpg\"><br\/><span id=\"karte\"><a href=\"https:\/\/www.openstreetmap.org\/?mlat=48.136813&#038;mlon=11.556030#map=19\/48.136813\/11.556030\" target=\"_blank\">OpenStreetMaps &#8594;<\/a> \n<a href=\"https:\/\/maps.app.goo.gl\/UNUJwEMGu5g3cs8S9\" target=\"_blank\">Google Maps &#8594;<\/a><\/span><\/div>\n<\/div>\n\n\n\n<div class=\"wp-block-group standorte-fourth-section is-layout-grid wp-container-core-group-is-layout-4d858cb8 wp-block-group-is-layout-grid\">\n<div class=\"qr-one-one\"><h2>PASING<\/h2><\/div>\n\n\n\n<div class=\"qr-one-two\"><\/div>\n\n\n\n<div class=\"qr-one-three\"><\/div>\n\n\n\n<div class=\"qr-one-four\"><\/div>\n\n\n\n<div class=\"qr-two-one\"><p>In Pasing, dem YouAct Standort im M\u00fcnchner Westen, bieten wir Schauspielkurse und Workshops an. Kinder und Jugendliche haben hier die Gelegenheit, sich auf der B\u00fchne auszuprobieren.<\/p><a href=\"https:\/\/bee2bee.biz\/you-act\/anmeldung\/?kon-betreff=Pasing#wpcf7-f369-p108-o1\"><button class=\"anmelden\">Kursanfrage<\/button> <span id=\"pfeil\">&#8594;<\/span><\/a><\/div>\n\n\n\n<div class=\"qr-two-three\"><p>Pasinger Fabrik<br\/>August-Exter-Stra\u00dfe 1<br\/>\n81245 M\u00fcnchen<br\/><br\/>\nTel: 089 &#8211; 999 446 49<br\/>\nE-Mail: info@you-act.de <br\/><br\/>\n\u00d6ffnungszeiten<br\/>\nMO-FR &nbsp; &nbsp; &nbsp; &nbsp; SA<br\/>\n11-19 Uhr &nbsp; 10-19 Uhr\n<\/p><\/div>\n\n\n\n<div class=\"qr-two-four\">\n<img loading=\"lazy\" decoding=\"async\" style=\"border-radius:20px;\" width=\"400\" height=\"300\" src=\"https:\/\/bee2bee.biz\/you-act\/wp-content\/uploads\/2025\/03\/YouAct-Pasinger-Fabrik.jpg\"><br\/><span id=\"karte\"><a href=\"https:\/\/www.openstreetmap.org\/?mlat=48.151041&#038;mlon=11.461283#map=19\/48.151041\/11.461283\" target=\"_blank\">OpenStreetMaps &#8594;<\/a> \n<a href=\"https:\/\/maps.app.goo.gl\/pFn1HbrnxUSGvmuv7\" target=\"_blank\">Google Maps &#8594;<\/a><\/span><\/div>\n<\/div>\n\n\n\n<div class=\"wp-block-group standorte-fifth-section is-layout-grid wp-container-core-group-is-layout-4d858cb8 wp-block-group-is-layout-grid\">\n<div class=\"qr-one-one\"><h2>DIE\u00dfEN AM AMMERSEE<\/h2><\/div>\n\n\n\n<div class=\"qr-one-three\"><\/div>\n\n\n\n<div class=\"qr-one-four\"><\/div>\n\n\n\n<div class=\"qr-two-one\"><p>In unseren R\u00e4umen in Die\u00dfen am Ammersee k\u00f6nnen Kinder und Jugendliche unter professioneller Anleitung Schauspielerfahrungen machen und sich in unseren Kursen spielerisch ausprobieren \u2013 von der Improvisation bis zur Rolle.<\/p><a href=\"https:\/\/bee2bee.biz\/you-act\/anmeldung\/?kon-betreff=Ammersee#wpcf7-f369-p108-o1\"><button class=\"anmelden\">Kursanfrage<\/button> <span id=\"pfeil\">&#8594;<\/span><\/a><\/div>\n\n\n\n<div class=\"qr-two-three\"><p>Jocherplatz 1<br\/>\n86911 Die\u00dfen a. Ammersee<br\/><br\/>\nTel: 089 &#8211; 999 446 49<br\/>\nE-Mail: info@you-act.de <br\/><br\/>\n\u00d6ffnungszeiten<br\/>\nMO-FR &nbsp; &nbsp; &nbsp; &nbsp; SA<br\/>\n11-19 Uhr &nbsp; 10-19 Uhr\n<\/p><\/div>\n\n\n\n<div class=\"qr-two-four\">\n<img loading=\"lazy\" decoding=\"async\" style=\"border-radius:20px;\" width=\"400\" height=\"300\" src=\"https:\/\/bee2bee.biz\/you-act\/wp-content\/uploads\/2025\/03\/YouAct-Diessen-Ammersee.jpg\"><br\/><span id=\"karte\"><a href=\"https:\/\/www.openstreetmap.org\/?mlat=47.946098&#038;mlon=11.107333#map=19\/47.946098\/11.107333\" target=\"_blank\">OpenStreetMaps &#8594;<\/a> \n<a href=\"https:\/\/bee2bee.biz\/you-act\/wp-content\/uploads\/2025\/03\/YouAct-Diessen-Ammersee.jpg\"> <span id=\"karte\"><a href=\"https:\/\/maps.app.goo.gl\/nrXvcZcxa63qvXYp6\" target=\"_blank\">Google Maps &#8594;<\/a><\/span><\/div>\n<\/div>\n\n\n\n&nbsp;<br\/><br\/><br\/><br\/>\n\n\n\n<div class=\"wp-block-group start-seventh-section is-layout-grid wp-container-core-group-is-layout-4d858cb8 wp-block-group-is-layout-grid\">\n<div class=\"qr-one-one\"><\/div>\n\n\n\n<div class=\"qr-one-two\"><\/div>\n\n\n\n<div class=\"qr-one-three\"><\/div>\n\n\n\n<div class=\"qr-one-four\"><div class=\"anmeldung\">\n<h2>PREISE<\/h2>\n<p>&nbsp;<br\/><br\/><br\/>\n<a href=\"https:\/\/bee2bee.biz\/you-act\/kurse\/#prs\"><button class=\"anmelden\">hier lang <\/button> <span id=\"pfeil\">&#8594;<\/span><\/a><\/p><\/div><\/div>\n\n\n\n<div class=\"qr-two-one\"><div class=\"anmeldung\">\n<h2>STUNDENPLAN<\/h2>\n<p>&nbsp;<br\/><br\/><br\/>\n<a href=\"https:\/\/bee2bee.biz\/you-act\/kurse\/#stdpl\"><button class=\"anmelden\">hier lang<\/button> <span id=\"pfeil\">&#8594;<\/span><\/a><\/p><\/div><\/div>\n\n\n\n<div class=\"qr-two-two\"><\/div>\n\n\n\n<div class=\"qr-two-three\"><\/div>\n\n\n\n<div class=\"qr-two-four\"><\/div>\n<\/div>\n","protected":false},"excerpt":{"rendered":"<p>Standorte OSTBAHNHOF In unserer Schauspielschule am Ostbahnhof in M\u00fcnchen bieten wir Schauspielkurse und Workshops an. Kinder und Jugendliche aller Altersstufen haben die Gelegenheit, unter professioneller Anleitung Erfahrungen zu machen in den Bereichen Schauspiel (Schauspielkurs, Schauspielunterricht), Stimme und Sprache (Sprecherziehung), Gesang (Gesangstraining) und Spielen vor der Kamera. Kursanfrage &#8594; Kirchenstrasse 89 b 81675 M\u00fcnchen Tel: 089 &#8230; <a title=\"Standorte\" class=\"read-more\" href=\"https:\/\/bee2bee.biz\/you-act\/standorte\/\" aria-label=\"Mehr Informationen \u00fcber Standorte\">Weiterlesen<\/a><\/p>\n","protected":false},"author":1,"featured_media":0,"parent":0,"menu_order":0,"comment_status":"closed","ping_status":"closed","template":"","meta":{"footnotes":""},"class_list":["post-110","page","type-page","status-publish"],"_links":{"self":[{"href":"https:\/\/bee2bee.biz\/you-act\/wp-json\/wp\/v2\/pages\/110","targetHints":{"allow":["GET"]}}],"collection":[{"href":"https:\/\/bee2bee.biz\/you-act\/wp-json\/wp\/v2\/pages"}],"about":[{"href":"https:\/\/bee2bee.biz\/you-act\/wp-json\/wp\/v2\/types\/page"}],"author":[{"embeddable":true,"href":"https:\/\/bee2bee.biz\/you-act\/wp-json\/wp\/v2\/users\/1"}],"replies":[{"embeddable":true,"href":"https:\/\/bee2bee.biz\/you-act\/wp-json\/wp\/v2\/comments?post=110"}],"version-history":[{"count":68,"href":"https:\/\/bee2bee.biz\/you-act\/wp-json\/wp\/v2\/pages\/110\/revisions"}],"predecessor-version":[{"id":669,"href":"https:\/\/bee2bee.biz\/you-act\/wp-json\/wp\/v2\/pages\/110\/revisions\/669"}],"wp:attachment":[{"href":"https:\/\/bee2bee.biz\/you-act\/wp-json\/wp\/v2\/media?parent=110"}],"curies":[{"name":"wp","href":"https:\/\/api.w.org\/{rel}","templated":true}]}}